{"id":1181,"date":"2024-07-09T17:06:56","date_gmt":"2024-07-09T15:06:56","guid":{"rendered":"https:\/\/marieagnesjambard-fr-556309.hostingersite.com\/?page_id=1181"},"modified":"2024-07-25T11:54:01","modified_gmt":"2024-07-25T09:54:01","slug":"politique-de-confidentialite","status":"publish","type":"page","link":"https:\/\/marieagnesjambard.fr\/index.php\/politique-de-confidentialite\/","title":{"rendered":"Politique de Confidentialit\u00e9"},"content":{"rendered":"\t\t<div data-elementor-type=\"wp-page\" data-elementor-id=\"1181\" class=\"elementor elementor-1181\" data-elementor-settings=\"{&quot;ha_cmc_init_switcher&quot;:&quot;no&quot;}\" data-elementor-post-type=\"page\">\n\t\t\t\t<div class=\"elementor-element elementor-element-b53c38c e-flex e-con-boxed e-con e-parent\" data-id=\"b53c38c\" data-element_type=\"container\" data-settings=\"{&quot;_ha_eqh_enable&quot;:false}\">\n\t\t\t\t\t<div class=\"e-con-inner\">\n\t\t\t\t<div class=\"elementor-element elementor-element-56050b6 elementor-widget elementor-widget-heading\" data-id=\"56050b6\" data-element_type=\"widget\" data-widget_type=\"heading.default\">\n\t\t\t\t<div class=\"elementor-widget-container\">\n\t\t\t\t\t<h1 class=\"elementor-heading-title elementor-size-default\">Politique de Confidentialit\u00e9<\/h1>\t\t\t\t<\/div>\n\t\t\t\t<\/div>\n\t\t\t\t\t<\/div>\n\t\t\t\t<\/div>\n\t\t<div class=\"elementor-element elementor-element-77230b0 e-flex e-con-boxed e-con e-parent\" data-id=\"77230b0\" data-element_type=\"container\" data-settings=\"{&quot;_ha_eqh_enable&quot;:false}\">\n\t\t\t\t\t<div class=\"e-con-inner\">\n\t\t\t\t<div class=\"elementor-element elementor-element-a20c5c3 elementor-widget elementor-widget-heading\" data-id=\"a20c5c3\" data-element_type=\"widget\" data-widget_type=\"heading.default\">\n\t\t\t\t<div class=\"elementor-widget-container\">\n\t\t\t\t\t<h2 class=\"elementor-heading-title elementor-size-default\">Collecte d'Informations\n<\/h2>\t\t\t\t<\/div>\n\t\t\t\t<\/div>\n\t\t\t\t<div class=\"elementor-element elementor-element-2309cc5 elementor-widget elementor-widget-text-editor\" data-id=\"2309cc5\" data-element_type=\"widget\" data-widget_type=\"text-editor.default\">\n\t\t\t\t<div class=\"elementor-widget-container\">\n\t\t\t\t\t\t\t\t\t<p>Nous collectons des informations personnelles lorsque vous vous inscrivez \u00e0 nos services, remplissez un formulaire de contact ou vous abonnez \u00e0 notre newsletter. Les informations collect\u00e9es peuvent inclure votre nom, adresse e-mail, num\u00e9ro de t\u00e9l\u00e9phone et toute autre information pertinente.<\/p><p>\u00a0<\/p>\t\t\t\t\t\t\t\t<\/div>\n\t\t\t\t<\/div>\n\t\t\t\t<div class=\"elementor-element elementor-element-5bbfdb7 elementor-widget-divider--view-line elementor-widget elementor-widget-divider\" data-id=\"5bbfdb7\" data-element_type=\"widget\" data-widget_type=\"divider.default\">\n\t\t\t\t<div class=\"elementor-widget-container\">\n\t\t\t\t\t\t\t<div class=\"elementor-divider\">\n\t\t\t<span class=\"elementor-divider-separator\">\n\t\t\t\t\t\t<\/span>\n\t\t<\/div>\n\t\t\t\t\t\t<\/div>\n\t\t\t\t<\/div>\n\t\t\t\t\t<\/div>\n\t\t\t\t<\/div>\n\t\t<div class=\"elementor-element elementor-element-15799be e-flex e-con-boxed e-con e-parent\" data-id=\"15799be\" data-element_type=\"container\" data-settings=\"{&quot;_ha_eqh_enable&quot;:false}\">\n\t\t\t\t\t<div class=\"e-con-inner\">\n\t\t\t\t<div class=\"elementor-element elementor-element-40f80b2 elementor-widget elementor-widget-heading\" data-id=\"40f80b2\" data-element_type=\"widget\" data-widget_type=\"heading.default\">\n\t\t\t\t<div class=\"elementor-widget-container\">\n\t\t\t\t\t<h2 class=\"elementor-heading-title elementor-size-default\">Utilisation des Informations\n<\/h2>\t\t\t\t<\/div>\n\t\t\t\t<\/div>\n\t\t\t\t<div class=\"elementor-element elementor-element-375ce2c elementor-widget elementor-widget-text-editor\" data-id=\"375ce2c\" data-element_type=\"widget\" data-widget_type=\"text-editor.default\">\n\t\t\t\t<div class=\"elementor-widget-container\">\n\t\t\t\t\t\t\t\t\t<p>Les informations recueillies sont utilis\u00e9es pour fournir et am\u00e9liorer nos services, r\u00e9pondre \u00e0 vos demandes, envoyer des newsletters, et informer sur les mises \u00e0 jour et offres sp\u00e9ciales. Nous ne partageons pas vos informations personnelles avec des tiers sans votre consentement, sauf si requis par la loi.<\/p><p>\u00a0<\/p>\t\t\t\t\t\t\t\t<\/div>\n\t\t\t\t<\/div>\n\t\t\t\t<div class=\"elementor-element elementor-element-81a680b elementor-widget-divider--view-line elementor-widget elementor-widget-divider\" data-id=\"81a680b\" data-element_type=\"widget\" data-widget_type=\"divider.default\">\n\t\t\t\t<div class=\"elementor-widget-container\">\n\t\t\t\t\t\t\t<div class=\"elementor-divider\">\n\t\t\t<span class=\"elementor-divider-separator\">\n\t\t\t\t\t\t<\/span>\n\t\t<\/div>\n\t\t\t\t\t\t<\/div>\n\t\t\t\t<\/div>\n\t\t\t\t\t<\/div>\n\t\t\t\t<\/div>\n\t\t<div class=\"elementor-element elementor-element-4bc6d79 e-flex e-con-boxed e-con e-parent\" data-id=\"4bc6d79\" data-element_type=\"container\" data-settings=\"{&quot;_ha_eqh_enable&quot;:false}\">\n\t\t\t\t\t<div class=\"e-con-inner\">\n\t\t\t\t<div class=\"elementor-element elementor-element-f7f40cb elementor-widget elementor-widget-heading\" data-id=\"f7f40cb\" data-element_type=\"widget\" data-widget_type=\"heading.default\">\n\t\t\t\t<div class=\"elementor-widget-container\">\n\t\t\t\t\t<h2 class=\"elementor-heading-title elementor-size-default\">Protection des Donn\u00e9es\n<\/h2>\t\t\t\t<\/div>\n\t\t\t\t<\/div>\n\t\t\t\t<div class=\"elementor-element elementor-element-c7b5baf elementor-widget elementor-widget-text-editor\" data-id=\"c7b5baf\" data-element_type=\"widget\" data-widget_type=\"text-editor.default\">\n\t\t\t\t<div class=\"elementor-widget-container\">\n\t\t\t\t\t\t\t\t\t<p>Nous mettons en place des mesures de s\u00e9curit\u00e9 appropri\u00e9es pour prot\u00e9ger vos informations personnelles contre tout acc\u00e8s, modification, divulgation ou destruction non autoris\u00e9s. Cependant, aucun syst\u00e8me de transmission de donn\u00e9es sur Internet ou de stockage \u00e9lectronique n&rsquo;est totalement s\u00e9curis\u00e9.<\/p><p>\u00a0<\/p>\t\t\t\t\t\t\t\t<\/div>\n\t\t\t\t<\/div>\n\t\t\t\t<div class=\"elementor-element elementor-element-85a188a elementor-widget-divider--view-line elementor-widget elementor-widget-divider\" data-id=\"85a188a\" data-element_type=\"widget\" data-widget_type=\"divider.default\">\n\t\t\t\t<div class=\"elementor-widget-container\">\n\t\t\t\t\t\t\t<div class=\"elementor-divider\">\n\t\t\t<span class=\"elementor-divider-separator\">\n\t\t\t\t\t\t<\/span>\n\t\t<\/div>\n\t\t\t\t\t\t<\/div>\n\t\t\t\t<\/div>\n\t\t\t\t\t<\/div>\n\t\t\t\t<\/div>\n\t\t<div class=\"elementor-element elementor-element-5f80cc6 e-flex e-con-boxed e-con e-parent\" data-id=\"5f80cc6\" data-element_type=\"container\" data-settings=\"{&quot;_ha_eqh_enable&quot;:false}\">\n\t\t\t\t\t<div class=\"e-con-inner\">\n\t\t\t\t<div class=\"elementor-element elementor-element-b96de74 elementor-widget elementor-widget-heading\" data-id=\"b96de74\" data-element_type=\"widget\" data-widget_type=\"heading.default\">\n\t\t\t\t<div class=\"elementor-widget-container\">\n\t\t\t\t\t<h2 class=\"elementor-heading-title elementor-size-default\">Cookies\n<\/h2>\t\t\t\t<\/div>\n\t\t\t\t<\/div>\n\t\t\t\t<div class=\"elementor-element elementor-element-b47264a elementor-widget elementor-widget-text-editor\" data-id=\"b47264a\" data-element_type=\"widget\" data-widget_type=\"text-editor.default\">\n\t\t\t\t<div class=\"elementor-widget-container\">\n\t\t\t\t\t\t\t\t\t<p>Le visiteur est inform\u00e9 que des cookies peuvent s\u2019installer sur son navigateur pour am\u00e9liorer l&rsquo;exp\u00e9rience utilisateur. Dans tous les cas, l&rsquo;utilisateur peut librement effacer ses cookies de son navigateur en tout temps.<\/p><p>\u00a0<\/p>\t\t\t\t\t\t\t\t<\/div>\n\t\t\t\t<\/div>\n\t\t\t\t<div class=\"elementor-element elementor-element-e83e37a elementor-widget-divider--view-line elementor-widget elementor-widget-divider\" data-id=\"e83e37a\" data-element_type=\"widget\" data-widget_type=\"divider.default\">\n\t\t\t\t<div class=\"elementor-widget-container\">\n\t\t\t\t\t\t\t<div class=\"elementor-divider\">\n\t\t\t<span class=\"elementor-divider-separator\">\n\t\t\t\t\t\t<\/span>\n\t\t<\/div>\n\t\t\t\t\t\t<\/div>\n\t\t\t\t<\/div>\n\t\t\t\t\t<\/div>\n\t\t\t\t<\/div>\n\t\t<div class=\"elementor-element elementor-element-ede65d3 e-flex e-con-boxed e-con e-parent\" data-id=\"ede65d3\" data-element_type=\"container\" data-settings=\"{&quot;_ha_eqh_enable&quot;:false}\">\n\t\t\t\t\t<div class=\"e-con-inner\">\n\t\t\t\t<div class=\"elementor-element elementor-element-e57240e elementor-widget elementor-widget-heading\" data-id=\"e57240e\" data-element_type=\"widget\" data-widget_type=\"heading.default\">\n\t\t\t\t<div class=\"elementor-widget-container\">\n\t\t\t\t\t<h2 class=\"elementor-heading-title elementor-size-default\">Droits des Utilisateurs\n<\/h2>\t\t\t\t<\/div>\n\t\t\t\t<\/div>\n\t\t\t\t<div class=\"elementor-element elementor-element-b40bbd7 elementor-widget elementor-widget-text-editor\" data-id=\"b40bbd7\" data-element_type=\"widget\" data-widget_type=\"text-editor.default\">\n\t\t\t\t<div class=\"elementor-widget-container\">\n\t\t\t\t\t\t\t\t\t<p>Le visiteur dispose en tout temps d&rsquo;un droit de d\u00e9sabonnement, de modification, d\u2019opposition et de rectification sur les donn\u00e9es personnelles le concernant. Il est possible de demander que ces donn\u00e9es soient rectifi\u00e9es, compl\u00e9t\u00e9es, clarifi\u00e9es, mises \u00e0 jour ou effac\u00e9es. Vous pouvez \u00e9galement vous d\u00e9sinscrire de la newsletter gr\u00e2ce \u00e0 un lien situ\u00e9 en bas de chaque courriel envoy\u00e9.<\/p><p>\u00a0<\/p>\t\t\t\t\t\t\t\t<\/div>\n\t\t\t\t<\/div>\n\t\t\t\t<div class=\"elementor-element elementor-element-51bc360 elementor-widget-divider--view-line elementor-widget elementor-widget-divider\" data-id=\"51bc360\" data-element_type=\"widget\" data-widget_type=\"divider.default\">\n\t\t\t\t<div class=\"elementor-widget-container\">\n\t\t\t\t\t\t\t<div class=\"elementor-divider\">\n\t\t\t<span class=\"elementor-divider-separator\">\n\t\t\t\t\t\t<\/span>\n\t\t<\/div>\n\t\t\t\t\t\t<\/div>\n\t\t\t\t<\/div>\n\t\t\t\t\t<\/div>\n\t\t\t\t<\/div>\n\t\t\t\t<\/div>\n\t\t","protected":false},"excerpt":{"rendered":"<p>Politique de Confidentialit\u00e9 Collecte d&rsquo;Informations Nous collectons des informations personnelles lorsque vous vous inscrivez \u00e0 nos services, remplissez un formulaire [&hellip;]<\/p>\n","protected":false},"author":1,"featured_media":0,"parent":0,"menu_order":0,"comment_status":"closed","ping_status":"closed","template":"","meta":{"site-sidebar-layout":"no-sidebar","site-content-layout":"","ast-site-content-layout":"full-width-container","site-content-style":"default","site-sidebar-style":"default","ast-global-header-display":"","ast-banner-title-visibility":"","ast-main-header-display":"","ast-hfb-above-header-display":"","ast-hfb-below-header-display":"","ast-hfb-mobile-header-display":"","site-post-title":"disabled","ast-breadcrumbs-content":"","ast-featured-img":"disabled","footer-sml-layout":"","theme-transparent-header-meta":"","adv-header-id-meta":"","stick-header-meta":"","header-above-stick-meta":"","header-main-stick-meta":"","header-below-stick-meta":"","astra-migrate-meta-layouts":"default","ast-page-background-enabled":"default","ast-page-background-meta":{"desktop":{"background-color":"var(--ast-global-color-4)","background-image":"","background-repeat":"repeat","background-position":"center center","background-size":"auto","background-attachment":"scroll","background-type":"","background-media":"","overlay-type":"","overlay-color":"","overlay-opacity":"","overlay-gradient":""},"tablet":{"background-color":"","background-image":"","background-repeat":"repeat","background-position":"center center","background-size":"auto","background-attachment":"scroll","background-type":"","background-media":"","overlay-type":"","overlay-color":"","overlay-opacity":"","overlay-gradient":""},"mobile":{"background-color":"","background-image":"","background-repeat":"repeat","background-position":"center center","background-size":"auto","background-attachment":"scroll","background-type":"","background-media":"","overlay-type":"","overlay-color":"","overlay-opacity":"","overlay-gradient":""}},"ast-content-background-meta":{"desktop":{"background-color":"var(--ast-global-color-5)","background-image":"","background-repeat":"repeat","background-position":"center center","background-size":"auto","background-attachment":"scroll","background-type":"","background-media":"","overlay-type":"","overlay-color":"","overlay-opacity":"","overlay-gradient":""},"tablet":{"background-color":"var(--ast-global-color-5)","background-image":"","background-repeat":"repeat","background-position":"center center","background-size":"auto","background-attachment":"scroll","background-type":"","background-media":"","overlay-type":"","overlay-color":"","overlay-opacity":"","overlay-gradient":""},"mobile":{"background-color":"var(--ast-global-color-5)","background-image":"","background-repeat":"repeat","background-position":"center center","background-size":"auto","background-attachment":"scroll","background-type":"","background-media":"","overlay-type":"","overlay-color":"","overlay-opacity":"","overlay-gradient":""}},"footnotes":""},"class_list":["post-1181","page","type-page","status-publish","hentry"],"yoast_head":"<!-- This site is optimized with the Yoast SEO plugin v26.8 - https:\/\/yoast.com\/product\/yoast-seo-wordpress\/ -->\n<title>Politique de Confidentialit\u00e9 - marieagnesjambard.fr<\/title>\n<meta name=\"robots\" content=\"index, follow, max-snippet:-1, max-image-preview:large, max-video-preview:-1\" \/>\n<link rel=\"canonical\" href=\"https:\/\/marieagnesjambard.fr\/index.php\/politique-de-confidentialite\/\" \/>\n<meta property=\"og:locale\" content=\"fr_FR\" \/>\n<meta property=\"og:type\" content=\"article\" \/>\n<meta property=\"og:title\" content=\"Politique de Confidentialit\u00e9 - marieagnesjambard.fr\" \/>\n<meta property=\"og:description\" content=\"Politique de Confidentialit\u00e9 Collecte d&rsquo;Informations Nous collectons des informations personnelles lorsque vous vous inscrivez \u00e0 nos services, remplissez un formulaire [&hellip;]\" \/>\n<meta property=\"og:url\" content=\"https:\/\/marieagnesjambard.fr\/index.php\/politique-de-confidentialite\/\" \/>\n<meta property=\"og:site_name\" content=\"marieagnesjambard.fr\" \/>\n<meta property=\"article:publisher\" content=\"https:\/\/www.facebook.com\/familleenpaix\" \/>\n<meta property=\"article:modified_time\" content=\"2024-07-25T09:54:01+00:00\" \/>\n<meta name=\"twitter:card\" content=\"summary_large_image\" \/>\n<meta name=\"twitter:label1\" content=\"Dur\u00e9e de lecture estim\u00e9e\" \/>\n\t<meta name=\"twitter:data1\" content=\"2 minutes\" \/>\n<script type=\"application\/ld+json\" class=\"yoast-schema-graph\">{\"@context\":\"https:\/\/schema.org\",\"@graph\":[{\"@type\":\"WebPage\",\"@id\":\"https:\/\/marieagnesjambard.fr\/index.php\/politique-de-confidentialite\/\",\"url\":\"https:\/\/marieagnesjambard.fr\/index.php\/politique-de-confidentialite\/\",\"name\":\"Politique de Confidentialit\u00e9 - marieagnesjambard.fr\",\"isPartOf\":{\"@id\":\"https:\/\/marieagnesjambard.fr\/#website\"},\"datePublished\":\"2024-07-09T15:06:56+00:00\",\"dateModified\":\"2024-07-25T09:54:01+00:00\",\"breadcrumb\":{\"@id\":\"https:\/\/marieagnesjambard.fr\/index.php\/politique-de-confidentialite\/#breadcrumb\"},\"inLanguage\":\"fr-FR\",\"potentialAction\":[{\"@type\":\"ReadAction\",\"target\":[\"https:\/\/marieagnesjambard.fr\/index.php\/politique-de-confidentialite\/\"]}]},{\"@type\":\"BreadcrumbList\",\"@id\":\"https:\/\/marieagnesjambard.fr\/index.php\/politique-de-confidentialite\/#breadcrumb\",\"itemListElement\":[{\"@type\":\"ListItem\",\"position\":1,\"name\":\"Accueil\",\"item\":\"https:\/\/marieagnesjambard.fr\/\"},{\"@type\":\"ListItem\",\"position\":2,\"name\":\"Politique de Confidentialit\u00e9\"}]},{\"@type\":\"WebSite\",\"@id\":\"https:\/\/marieagnesjambard.fr\/#website\",\"url\":\"https:\/\/marieagnesjambard.fr\/\",\"name\":\"marieagnesjambard-fr-556309.hostingersite.com\",\"description\":\"\",\"publisher\":{\"@id\":\"https:\/\/marieagnesjambard.fr\/#organization\"},\"potentialAction\":[{\"@type\":\"SearchAction\",\"target\":{\"@type\":\"EntryPoint\",\"urlTemplate\":\"https:\/\/marieagnesjambard.fr\/?s={search_term_string}\"},\"query-input\":{\"@type\":\"PropertyValueSpecification\",\"valueRequired\":true,\"valueName\":\"search_term_string\"}}],\"inLanguage\":\"fr-FR\"},{\"@type\":\"Organization\",\"@id\":\"https:\/\/marieagnesjambard.fr\/#organization\",\"name\":\"marieagnesjambard-fr-556309.hostingersite.com\",\"url\":\"https:\/\/marieagnesjambard.fr\/\",\"logo\":{\"@type\":\"ImageObject\",\"inLanguage\":\"fr-FR\",\"@id\":\"https:\/\/marieagnesjambard.fr\/#\/schema\/logo\/image\/\",\"url\":\"https:\/\/marieagnesjambard-fr-556309.hostingersite.com\/wp-content\/uploads\/2024\/06\/SIGNATURE-MA-6.png\",\"contentUrl\":\"https:\/\/marieagnesjambard-fr-556309.hostingersite.com\/wp-content\/uploads\/2024\/06\/SIGNATURE-MA-6.png\",\"width\":475,\"height\":85,\"caption\":\"marieagnesjambard-fr-556309.hostingersite.com\"},\"image\":{\"@id\":\"https:\/\/marieagnesjambard.fr\/#\/schema\/logo\/image\/\"},\"sameAs\":[\"https:\/\/www.facebook.com\/familleenpaix\"]}]}<\/script>\n<!-- \/ Yoast SEO plugin. -->","yoast_head_json":{"title":"Politique de Confidentialit\u00e9 - marieagnesjambard.fr","robots":{"index":"index","follow":"follow","max-snippet":"max-snippet:-1","max-image-preview":"max-image-preview:large","max-video-preview":"max-video-preview:-1"},"canonical":"https:\/\/marieagnesjambard.fr\/index.php\/politique-de-confidentialite\/","og_locale":"fr_FR","og_type":"article","og_title":"Politique de Confidentialit\u00e9 - marieagnesjambard.fr","og_description":"Politique de Confidentialit\u00e9 Collecte d&rsquo;Informations Nous collectons des informations personnelles lorsque vous vous inscrivez \u00e0 nos services, remplissez un formulaire [&hellip;]","og_url":"https:\/\/marieagnesjambard.fr\/index.php\/politique-de-confidentialite\/","og_site_name":"marieagnesjambard.fr","article_publisher":"https:\/\/www.facebook.com\/familleenpaix","article_modified_time":"2024-07-25T09:54:01+00:00","twitter_card":"summary_large_image","twitter_misc":{"Dur\u00e9e de lecture estim\u00e9e":"2 minutes"},"schema":{"@context":"https:\/\/schema.org","@graph":[{"@type":"WebPage","@id":"https:\/\/marieagnesjambard.fr\/index.php\/politique-de-confidentialite\/","url":"https:\/\/marieagnesjambard.fr\/index.php\/politique-de-confidentialite\/","name":"Politique de Confidentialit\u00e9 - marieagnesjambard.fr","isPartOf":{"@id":"https:\/\/marieagnesjambard.fr\/#website"},"datePublished":"2024-07-09T15:06:56+00:00","dateModified":"2024-07-25T09:54:01+00:00","breadcrumb":{"@id":"https:\/\/marieagnesjambard.fr\/index.php\/politique-de-confidentialite\/#breadcrumb"},"inLanguage":"fr-FR","potentialAction":[{"@type":"ReadAction","target":["https:\/\/marieagnesjambard.fr\/index.php\/politique-de-confidentialite\/"]}]},{"@type":"BreadcrumbList","@id":"https:\/\/marieagnesjambard.fr\/index.php\/politique-de-confidentialite\/#breadcrumb","itemListElement":[{"@type":"ListItem","position":1,"name":"Accueil","item":"https:\/\/marieagnesjambard.fr\/"},{"@type":"ListItem","position":2,"name":"Politique de Confidentialit\u00e9"}]},{"@type":"WebSite","@id":"https:\/\/marieagnesjambard.fr\/#website","url":"https:\/\/marieagnesjambard.fr\/","name":"marieagnesjambard-fr-556309.hostingersite.com","description":"","publisher":{"@id":"https:\/\/marieagnesjambard.fr\/#organization"},"potentialAction":[{"@type":"SearchAction","target":{"@type":"EntryPoint","urlTemplate":"https:\/\/marieagnesjambard.fr\/?s={search_term_string}"},"query-input":{"@type":"PropertyValueSpecification","valueRequired":true,"valueName":"search_term_string"}}],"inLanguage":"fr-FR"},{"@type":"Organization","@id":"https:\/\/marieagnesjambard.fr\/#organization","name":"marieagnesjambard-fr-556309.hostingersite.com","url":"https:\/\/marieagnesjambard.fr\/","logo":{"@type":"ImageObject","inLanguage":"fr-FR","@id":"https:\/\/marieagnesjambard.fr\/#\/schema\/logo\/image\/","url":"https:\/\/marieagnesjambard-fr-556309.hostingersite.com\/wp-content\/uploads\/2024\/06\/SIGNATURE-MA-6.png","contentUrl":"https:\/\/marieagnesjambard-fr-556309.hostingersite.com\/wp-content\/uploads\/2024\/06\/SIGNATURE-MA-6.png","width":475,"height":85,"caption":"marieagnesjambard-fr-556309.hostingersite.com"},"image":{"@id":"https:\/\/marieagnesjambard.fr\/#\/schema\/logo\/image\/"},"sameAs":["https:\/\/www.facebook.com\/familleenpaix"]}]}},"_links":{"self":[{"href":"https:\/\/marieagnesjambard.fr\/index.php\/wp-json\/wp\/v2\/pages\/1181","targetHints":{"allow":["GET"]}}],"collection":[{"href":"https:\/\/marieagnesjambard.fr\/index.php\/wp-json\/wp\/v2\/pages"}],"about":[{"href":"https:\/\/marieagnesjambard.fr\/index.php\/wp-json\/wp\/v2\/types\/page"}],"author":[{"embeddable":true,"href":"https:\/\/marieagnesjambard.fr\/index.php\/wp-json\/wp\/v2\/users\/1"}],"replies":[{"embeddable":true,"href":"https:\/\/marieagnesjambard.fr\/index.php\/wp-json\/wp\/v2\/comments?post=1181"}],"version-history":[{"count":4,"href":"https:\/\/marieagnesjambard.fr\/index.php\/wp-json\/wp\/v2\/pages\/1181\/revisions"}],"predecessor-version":[{"id":1185,"href":"https:\/\/marieagnesjambard.fr\/index.php\/wp-json\/wp\/v2\/pages\/1181\/revisions\/1185"}],"wp:attachment":[{"href":"https:\/\/marieagnesjambard.fr\/index.php\/wp-json\/wp\/v2\/media?parent=1181"}],"curies":[{"name":"wp","href":"https:\/\/api.w.org\/{rel}","templated":true}]}}